{"id":1478,"date":"2018-02-10T10:15:32","date_gmt":"2018-02-10T10:15:32","guid":{"rendered":"http:\/\/192.168.0.103\/user5\/demo1\/?page_id=1478"},"modified":"2020-12-22T04:12:02","modified_gmt":"2020-12-22T04:12:02","slug":"about-us","status":"publish","type":"page","link":"https:\/\/www.berberoglukirtasiye.com\/tr\/about-us\/","title":{"rendered":"ABOUT US"},"content":{"rendered":"<p><section class=\"kc-elm kc-css-945554 kc_row\"><div class=\"kc-row-container  kc-container\"><div class=\"kc-wrap-columns\"><div class=\"kc-elm kc-css-654358 kc_col-sm-12 kc_column kc_col-sm-12\"><div class=\"kc-col-container\">\n<div class=\"kc-elm kc-css-638616 kc-title-wrap \">\n\n\t<h2 class=\"kc_title\">\u015eirketimiz Hakk\u0131nda<\/h2>\n<\/div>\n<div class=\"kc-elm kc-css-588460 kc_text_block\"><\/p>\n<p><span class=\"d2edcug0 hpfvmrgz qv66sw1b c1et5uql oi732d6d ik7dh3pa fgxwclzu a8c37x1j keod5gw0 nxhoafnm aigsh9s9 d3f4x2em fe6kdd0r mau55g9w c8b282yb iv3no6db jq4qci2q a3bd9o3v knj5qynh oo9gr5id hzawbc8m\" dir=\"auto\"><span class=\"d2edcug0 hpfvmrgz qv66sw1b c1et5uql oi732d6d ik7dh3pa fgxwclzu jq4qci2q a3bd9o3v knj5qynh oo9gr5id hzawbc8m\">Saydam Berbero\u011flu ve Karde\u015fi LTD. 1970 y\u0131l\u0131ndan beri kitap ve k\u0131rtasiyede Girne ve Lefko\u015fa&#039;da bir marka&#8230;<\/span><\/span><\/p>\n<p>\n<\/div><\/div><\/div><\/div><\/div><\/section><section class=\"kc-elm kc-css-419634 kc_row\"><div class=\"kc-row-container  kc-container\"><div class=\"kc-wrap-columns\"><div class=\"kc-elm kc-css-867862 kc_col-sm-6 kc_column kc_col-sm-6\"><div class=\"kc-col-container\"><div class=\"kc-elm kc-css-913917 kc_text_block\"><\/p>\n<p><b>Lefko\u015fa Merkez: <\/b><\/p>\n<p>\u015eht. Gazeteci Hasan Tahsin Cad.<\/p>\n<p>No:42\/E<\/p>\n<p>Kermiya \/ Lefko\u015fa<\/p>\n<p>Tel: 0 (392) 223 69 91<\/p>\n<p>\n<\/div><\/div><\/div><div class=\"kc-elm kc-css-885110 kc_col-sm-6 kc_column kc_col-sm-6\"><div class=\"kc-col-container\"><div class=\"kc-elm kc-css-861186 kc_google_maps kc_shortcode\"><div style=\"height: 350px\" class=\"kc-google-maps\"><iframe loading=\"lazy\" src=\"https:\/\/www.google.com\/maps\/embed?pb=!1m14!1m8!1m3!1d26082.038726649094!2d33.3360805!3d35.2001207!3m2!1i1024!2i768!4f13.1!3m3!1m2!1s0x0%3A0xaa026efc76bd95!2sBerbero%C4%9Flu%20K%C4%B1rtasiye!5e0!3m2!1str!2s!4v1601619320056!5m2!1str!2s\" width=\"100%\" height=\"350\" frameborder=\"0\" style=\"border:0;\" allowfullscreen=\"\" aria-hidden=\"false\" tabindex=\"0\"><\/iframe><\/div><\/div><\/div><\/div><\/div><\/div><\/section><section class=\"kc-elm kc-css-423705 kc_row\"><div class=\"kc-row-container  kc-container\"><div class=\"kc-wrap-columns\"><div class=\"kc-elm kc-css-76103 kc_col-sm-6 kc_column kc_col-sm-6\"><div class=\"kc-col-container\"><div class=\"kc-elm kc-css-247313 kc_google_maps kc_shortcode\"><div style=\"height: 350px\" class=\"kc-google-maps\"><iframe loading=\"lazy\" src=\"https:\/\/www.google.com\/maps\/embed?pb=!1m14!1m8!1m3!1d13044.719159008217!2d33.3597493!3d35.1770712!3m2!1i1024!2i768!4f13.1!3m3!1m2!1s0x0%3A0x676ebc150088bfa0!2sSaydam%20Bervero%C4%9Flu!5e0!3m2!1str!2s!4v1601619389619!5m2!1str!2s\" width=\"100%\" height=\"350\" frameborder=\"0\" style=\"border:0;\" allowfullscreen=\"\" aria-hidden=\"false\" tabindex=\"0\"><\/iframe><\/div><\/div><\/div><\/div><div class=\"kc-elm kc-css-152368 kc_col-sm-6 kc_column kc_col-sm-6\"><div class=\"kc-col-container\"><div class=\"kc-elm kc-css-263893 kc_text_block\"><\/p>\n<p><b>Lefko\u015fa Surlari\u00e7i:<\/b><\/p>\n<p>36 M\u00fcft\u00fc Raci Sokak<\/p>\n<p>Lefko\u015fa<\/p>\n<p>Tel: 0 (392) 227 14 11<\/p>\n<p>\n<\/div><\/div><\/div><\/div><\/div><\/section><section class=\"kc-elm kc-css-210786 kc_row\"><div class=\"kc-row-container  kc-container\"><div class=\"kc-wrap-columns\"><div class=\"kc-elm kc-css-373460 kc_col-sm-6 kc_column kc_col-sm-6\"><div class=\"kc-col-container\"><div class=\"kc-elm kc-css-391386 kc_text_block\"><\/p>\n<p><b>Lefko\u015fa UK\u00dc Kamp\u00fcs:<\/b><\/p>\n<p><span style=\"color: #222222;\"><span style=\"font-family: Arial, serif;\"><span style=\"font-size: small;\">Uluslarararas\u0131 K\u0131br\u0131s \u00dcniversitesi Kamp\u00fcs\u00fc, <\/span><\/span><\/span><\/p>\n<p><span style=\"color: #222222;\"><span style=\"font-family: Arial, serif;\"><span style=\"font-size: small;\">Haspolat \/ Lefko\u015fa<\/span><\/span><\/span><\/p>\n<p><span style=\"color: #222222;\"><span style=\"font-family: Arial, serif;\"><span style=\"font-size: small;\">Tel: 0 (392) 671 11 11 (2959)<\/span><\/span><\/span><\/p>\n<p>\n<\/div><\/div><\/div><div class=\"kc-elm kc-css-903997 kc_col-sm-6 kc_column kc_col-sm-6\"><div class=\"kc-col-container\"><div class=\"kc-elm kc-css-640801 kc_google_maps kc_shortcode\"><div style=\"height: 350px\" class=\"kc-google-maps\"><iframe loading=\"lazy\" src=\"https:\/\/www.google.com\/maps\/embed?pb=!1m14!1m8!1m3!1d13037.67846553482!2d33.416627!3d35.220923!3m2!1i1024!2i768!4f13.1!3m3!1m2!1s0x0%3A0xc06c47a27e498fc1!2zVWx1c2xhcmFyYXPEsSBLxLFicsSxcyDDnG5pdmVyc2l0ZXNp!5e0!3m2!1str!2s!4v1601620188190!5m2!1str!2s\" width=\"100%\" height=\"350\" frameborder=\"0\" style=\"border:0;\" allowfullscreen=\"\" aria-hidden=\"false\" tabindex=\"0\"><\/iframe><\/div><\/div><\/div><\/div><\/div><\/div><\/section><section class=\"kc-elm kc-css-159393 kc_row\"><div class=\"kc-row-container  kc-container\"><div class=\"kc-wrap-columns\"><div class=\"kc-elm kc-css-756646 kc_col-sm-6 kc_column kc_col-sm-6\"><div class=\"kc-col-container\"><div class=\"kc-elm kc-css-96325 kc_google_maps kc_shortcode\"><div style=\"height: 350px\" class=\"kc-google-maps\"><iframe loading=\"lazy\" src=\"https:\/\/www.google.com\/maps\/embed?pb=!1m18!1m12!1m3!1d939.7457618276082!2d33.300913829219574!3d35.33882809276786!2m3!1f0!2f0!3f0!3m2!1i1024!2i768!4f13.1!3m3!1m2!1s0x0%3A0x0!2zMzXCsDIwJzE5LjgiTiAzM8KwMTgnMDUuMyJF!5e1!3m2!1str!2s!4v1601620355556!5m2!1str!2s\" width=\"100%\" height=\"350\" frameborder=\"0\" style=\"border:0;\" allowfullscreen=\"\" aria-hidden=\"false\" tabindex=\"0\"><\/iframe><\/div><\/div><\/div><\/div><div class=\"kc-elm kc-css-569627 kc_col-sm-6 kc_column kc_col-sm-6\"><div class=\"kc-col-container\"><div class=\"kc-elm kc-css-392766 kc_text_block\"><\/p>\n<p><b>Girne:<\/b><\/p>\n<p><span style=\"color: #4d5156;\"><span style=\"font-family: Arial, serif;\"><span style=\"font-size: small;\">Naci Talat Caddesi <\/span><\/span><\/span><\/p>\n<p><span style=\"color: #4d5156;\"><span style=\"font-family: Arial, serif;\"><span style=\"font-size: small;\">Atlantic Avenue <\/span><\/span><\/span><\/p>\n<p><span style=\"color: #4d5156;\"><span style=\"font-family: Arial, serif;\"><span style=\"font-size: small;\">B2 Blok No:40 A-B <\/span><\/span><\/span><\/p>\n<p><span style=\"color: #4d5156;\"><span style=\"font-family: Arial, serif;\"><span style=\"font-size: small;\">Girne<\/span><\/span><\/span><\/p>\n<p><span style=\"color: #4d5156;\"><span style=\"font-family: Arial, serif;\"><span style=\"font-size: small;\">Tel: 0 (392) 815 99 91<\/span><\/span><\/span><\/p>\n<p>\n<\/div><\/div><\/div><\/div><\/div><\/section><\/p>\n","protected":false},"excerpt":{"rendered":"","protected":false},"author":1,"featured_media":0,"parent":0,"menu_order":0,"comment_status":"closed","ping_status":"closed","template":"template-full-width.php","meta":{"footnotes":""},"class_list":["post-1478","page","type-page","status-publish","hentry"],"jetpack_sharing_enabled":true,"_links":{"self":[{"href":"https:\/\/www.berberoglukirtasiye.com\/tr\/wp-json\/wp\/v2\/pages\/1478","targetHints":{"allow":["GET"]}}],"collection":[{"href":"https:\/\/www.berberoglukirtasiye.com\/tr\/wp-json\/wp\/v2\/pages"}],"about":[{"href":"https:\/\/www.berberoglukirtasiye.com\/tr\/wp-json\/wp\/v2\/types\/page"}],"author":[{"embeddable":true,"href":"https:\/\/www.berberoglukirtasiye.com\/tr\/wp-json\/wp\/v2\/users\/1"}],"replies":[{"embeddable":true,"href":"https:\/\/www.berberoglukirtasiye.com\/tr\/wp-json\/wp\/v2\/comments?post=1478"}],"version-history":[{"count":11,"href":"https:\/\/www.berberoglukirtasiye.com\/tr\/wp-json\/wp\/v2\/pages\/1478\/revisions"}],"predecessor-version":[{"id":6292,"href":"https:\/\/www.berberoglukirtasiye.com\/tr\/wp-json\/wp\/v2\/pages\/1478\/revisions\/6292"}],"wp:attachment":[{"href":"https:\/\/www.berberoglukirtasiye.com\/tr\/wp-json\/wp\/v2\/media?parent=1478"}],"curies":[{"name":"wp","href":"https:\/\/api.w.org\/{rel}","templated":true}]}}